{"id":2,"date":"2024-03-01T09:19:38","date_gmt":"2024-03-01T09:19:38","guid":{"rendered":"http:\/\/www.josephinenails.com\/shop\/?page_id=2"},"modified":"2024-03-04T08:47:11","modified_gmt":"2024-03-04T08:47:11","slug":"sample-page","status":"publish","type":"page","link":"https:\/\/www.josephinenails.com\/video\/","title":{"rendered":"Home"},"content":{"rendered":"\n<p><strong>\n\t\t<div class=\"edd_downloads_list edd_download_columns_4 \">\n\n\t\t\t\n\t\t\t\t\t\t\t\n<div class=\"edd_download\" id=\"edd_download_16\">\n\n\t<div class=\"edd_download_inner\">\n\n\t\t\t<div class=\"edd_download_image\">\n\t\t<a href=\"https:\/\/www.josephinenails.com\/video\/downloads\/formation-baby-boomer\/\">\n\t\t\t<img loading=\"lazy\" decoding=\"async\" width=\"300\" height=\"242\" src=\"https:\/\/www.josephinenails.com\/video\/wp-content\/uploads\/edd\/2024\/03\/Formation-edit-300x242.jpg\" class=\"attachment-medium size-medium wp-post-image\" alt=\"\" srcset=\"https:\/\/www.josephinenails.com\/video\/wp-content\/uploads\/edd\/2024\/03\/Formation-edit-300x242.jpg 300w, https:\/\/www.josephinenails.com\/video\/wp-content\/uploads\/edd\/2024\/03\/Formation-edit.jpg 532w\" sizes=\"auto, (max-width: 300px) 100vw, 300px\" \/>\t\t<\/a>\n\t<\/div>\n<h3 class=\"edd_download_title\"><a href=\"https:\/\/www.josephinenails.com\/video\/downloads\/formation-baby-boomer\/\">Formation BABY\u00a0BOOMER<\/a><\/h3>\n\n<div class=\"edd_download_excerpt\">\n\t<p>Comment r\u00e9aliser un baby boomer ultra fondu et ombr\u00e9 \u00e0 la perfection fa\u00e7on Jos\u00e9phine\u00a0Nails\u00a0?<\/p>\n<\/div>\n\t\t\t\t<div class=\"custom-price-wrapper\">\n\t\t\t<div class=\"edd_price\">\n\t\t\t\t<del>&euro;95.00<\/del>&nbsp;&euro;85.00\t\t\t<\/div>\n\t\t<\/div>\n\t\t<div class=\"edd_download_buy_button\">\n\t<a class=\"custom-edd-add-to-cart\" href=\"https:\/\/www.josephinenails.com\/video\/downloads\/formation-baby-boomer\/\">\n\t\t\tplus de d\u00e9tails\n\t<\/a>\n<\/div>\n\n\t<\/div>\n\n<\/div>\n\t\t\t\n\t\t\t\n\t\t\t\n\t\t<\/div>\n\n\t\t<\/strong><\/p>\n","protected":false},"excerpt":{"rendered":"","protected":false},"author":1,"featured_media":0,"parent":0,"menu_order":0,"comment_status":"closed","ping_status":"open","template":"","meta":{"footnotes":""},"class_list":["post-2","page","type-page","status-publish","hentry"],"_links":{"self":[{"href":"https:\/\/www.josephinenails.com\/video\/wp-json\/wp\/v2\/pages\/2","targetHints":{"allow":["GET"]}}],"collection":[{"href":"https:\/\/www.josephinenails.com\/video\/wp-json\/wp\/v2\/pages"}],"about":[{"href":"https:\/\/www.josephinenails.com\/video\/wp-json\/wp\/v2\/types\/page"}],"author":[{"embeddable":true,"href":"https:\/\/www.josephinenails.com\/video\/wp-json\/wp\/v2\/users\/1"}],"replies":[{"embeddable":true,"href":"https:\/\/www.josephinenails.com\/video\/wp-json\/wp\/v2\/comments?post=2"}],"version-history":[{"count":10,"href":"https:\/\/www.josephinenails.com\/video\/wp-json\/wp\/v2\/pages\/2\/revisions"}],"predecessor-version":[{"id":33,"href":"https:\/\/www.josephinenails.com\/video\/wp-json\/wp\/v2\/pages\/2\/revisions\/33"}],"wp:attachment":[{"href":"https:\/\/www.josephinenails.com\/video\/wp-json\/wp\/v2\/media?parent=2"}],"curies":[{"name":"wp","href":"https:\/\/api.w.org\/{rel}","templated":true}]}}